{"id":217,"date":"2018-10-31T08:21:22","date_gmt":"2018-10-31T08:21:22","guid":{"rendered":"http:\/\/serwer1851512.home.pl\/autoinstalator\/wordpressplugins\/?page_id=217"},"modified":"2018-10-31T08:21:22","modified_gmt":"2018-10-31T08:21:22","slug":"kolo-survivalowe","status":"publish","type":"page","link":"https:\/\/herby.edu.pl\/?page_id=217","title":{"rendered":"Ko\u0142o survivalowe"},"content":{"rendered":"<p>Zaj\u0119cia w ramach k\u00f3\u0142ka survivalowego skierowane s\u0105 do wszystkich wychowank\u00f3w M\u0142odzie\u017cowego O\u015brodka Wychowawczego. Realizuj\u0105c ca\u0142oroczny program pokazujemy, jak przyjemnie i po\u017cytecznie zagospodarowa\u0107 czas pozalekcyjny.<br \/>\nZaj\u0119cia odbywaj\u0105 si\u0119 na terenach le\u015bnych nale\u017c\u0105cych do gminy Herby, jak r\u00f3wnie\u017c na terenach Jury Krakowsko-Cz\u0119stochowskiej (Olsztyn, Z\u0142oty Potok, Bobolice).<br \/>\nW ramach ko\u0142a survivalowego &#8211; w maju 2018 r. &#8211; odb\u0119dzie si\u0119 IV Og\u00f3lnopolski Rajd Survivalowy.<br \/>\nOryginalno\u015b\u0107 oraz nietypowy program gwarantuj\u0105 du\u017ce zainteresowanie, pozwalaj\u0105 tak\u017ce propagowa\u0107 aktywne sp\u0119dzanie wolnego czasu. Wiele zada\u0144 wymaga zorganizowanej pracy zespo\u0142owej, co pozwala na rozwijanie w\u015br\u00f3d uczestnik\u00f3w zaj\u0119\u0107 umiej\u0119tno\u015bci pracy w grupie i kszta\u0142towanie poczucia odpowiedzialno\u015bci za drugiego cz\u0142owieka.<\/p>\n","protected":false},"excerpt":{"rendered":"<p>Zaj\u0119cia w ramach k\u00f3\u0142ka survivalowego skierowane s\u0105 do wszystkich wychowank\u00f3w M\u0142odzie\u017cowego O\u015brodka Wychowawczego. Realizuj\u0105c ca\u0142oroczny program pokazujemy, jak przyjemnie i po\u017cytecznie zagospodarowa\u0107 czas pozalekcyjny. Zaj\u0119cia odbywaj\u0105 si\u0119 na terenach le\u015bnych nale\u017c\u0105cych do gminy Herby, jak r\u00f3wnie\u017c na terenach Jury Krakowsko-Cz\u0119stochowskiej (Olsztyn, Z\u0142oty Potok, Bobolice). W ramach ko\u0142a survivalowego &#8211; w maju 2018 r. &#8211; odb\u0119dzie &hellip; <\/p>\n<p class=\"link-more\"><a href=\"https:\/\/herby.edu.pl\/?page_id=217\" class=\"more-link\">Czytaj dalej<span class=\"screen-reader-text\"> \u201eKo\u0142o survivalowe\u201d<\/span><\/a><\/p>\n","protected":false},"author":1,"featured_media":0,"parent":0,"menu_order":0,"comment_status":"closed","ping_status":"closed","template":"","meta":{"footnotes":""},"class_list":["post-217","page","type-page","status-publish","hentry"],"_links":{"self":[{"href":"https:\/\/herby.edu.pl\/index.php?rest_route=\/wp\/v2\/pages\/217","targetHints":{"allow":["GET"]}}],"collection":[{"href":"https:\/\/herby.edu.pl\/index.php?rest_route=\/wp\/v2\/pages"}],"about":[{"href":"https:\/\/herby.edu.pl\/index.php?rest_route=\/wp\/v2\/types\/page"}],"author":[{"embeddable":true,"href":"https:\/\/herby.edu.pl\/index.php?rest_route=\/wp\/v2\/users\/1"}],"replies":[{"embeddable":true,"href":"https:\/\/herby.edu.pl\/index.php?rest_route=%2Fwp%2Fv2%2Fcomments&post=217"}],"version-history":[{"count":1,"href":"https:\/\/herby.edu.pl\/index.php?rest_route=\/wp\/v2\/pages\/217\/revisions"}],"predecessor-version":[{"id":218,"href":"https:\/\/herby.edu.pl\/index.php?rest_route=\/wp\/v2\/pages\/217\/revisions\/218"}],"wp:attachment":[{"href":"https:\/\/herby.edu.pl\/index.php?rest_route=%2Fwp%2Fv2%2Fmedia&parent=217"}],"curies":[{"name":"wp","href":"https:\/\/api.w.org\/{rel}","templated":true}]}}