{"id":220,"date":"2018-10-31T08:23:22","date_gmt":"2018-10-31T08:23:22","guid":{"rendered":"http:\/\/serwer1851512.home.pl\/autoinstalator\/wordpressplugins\/?page_id=220"},"modified":"2018-10-31T08:23:22","modified_gmt":"2018-10-31T08:23:22","slug":"kolo-wspinaczkowe","status":"publish","type":"page","link":"https:\/\/herby.edu.pl\/?page_id=220","title":{"rendered":"Ko\u0142o wspinaczkowe"},"content":{"rendered":"<p>Zaj\u0119cia wspinaczkowe przeznaczone s\u0105 dla wszystkich wychowank\u00f3w M\u0142odzie\u017cowego O\u015brodka \u2013 jednorazowo mo\u017ce w nich uczestniczy\u0107 6 ch\u0142opc\u00f3w.<br \/>\nRealizacja projekty daje wychowankom mo\u017cliwo\u015b\u0107 udzia\u0142u w zaj\u0119ciach, kt\u00f3re \u2013 teoretycznie \u2013 mog\u0105 przerasta\u0107 ich mo\u017cliwo\u015bci.<br \/>\nW g\u0142\u00f3wnej mierze zaj\u0119cia wspinaczkowe skierowane si\u0105 do ch\u0142opc\u00f3w, kt\u00f3rzy nie odnajduj\u0105 si\u0119 w popularnych dyscyplinach sportowych (pi\u0142ka no\u017cna, siatk\u00f3wka, koszyk\u00f3wka). Ich g\u0142\u00f3wnym celem jest zwi\u0119kszenie og\u00f3lnej sprawno\u015bci fizycznej, wytworzenie mechanizm\u00f3w pomagaj\u0105cych radzi\u0107 sobie w trudnych sytuacjach, promocja zdrowego stylu \u017cycia.<br \/>\nZaj\u0119cia \u2013 przy sprzyjaj\u0105cych warunkach \u2013 odbywaj\u0105 si\u0119 na osta\u0144cach skalnych Jury Krakowsko-Cz\u0119stochowskiej, podczas z\u0142ej pogody \u2013 na \u015bcianie wspinaczkowej ,,Klif\u201d w Tarnowskich G\u00f3rach. Zar\u00f3wno zaj\u0119cia plenerowe, jak i na \u015bcianie wspinaczkowej prowadzone s\u0105 pod okiem instruktora.<\/p>\n","protected":false},"excerpt":{"rendered":"<p>Zaj\u0119cia wspinaczkowe przeznaczone s\u0105 dla wszystkich wychowank\u00f3w M\u0142odzie\u017cowego O\u015brodka \u2013 jednorazowo mo\u017ce w nich uczestniczy\u0107 6 ch\u0142opc\u00f3w. Realizacja projekty daje wychowankom mo\u017cliwo\u015b\u0107 udzia\u0142u w zaj\u0119ciach, kt\u00f3re \u2013 teoretycznie \u2013 mog\u0105 przerasta\u0107 ich mo\u017cliwo\u015bci. W g\u0142\u00f3wnej mierze zaj\u0119cia wspinaczkowe skierowane si\u0105 do ch\u0142opc\u00f3w, kt\u00f3rzy nie odnajduj\u0105 si\u0119 w popularnych dyscyplinach sportowych (pi\u0142ka no\u017cna, siatk\u00f3wka, koszyk\u00f3wka). Ich &hellip; <\/p>\n<p class=\"link-more\"><a href=\"https:\/\/herby.edu.pl\/?page_id=220\" class=\"more-link\">Czytaj dalej<span class=\"screen-reader-text\"> \u201eKo\u0142o wspinaczkowe\u201d<\/span><\/a><\/p>\n","protected":false},"author":1,"featured_media":0,"parent":0,"menu_order":0,"comment_status":"closed","ping_status":"closed","template":"","meta":{"footnotes":""},"class_list":["post-220","page","type-page","status-publish","hentry"],"_links":{"self":[{"href":"https:\/\/herby.edu.pl\/index.php?rest_route=\/wp\/v2\/pages\/220","targetHints":{"allow":["GET"]}}],"collection":[{"href":"https:\/\/herby.edu.pl\/index.php?rest_route=\/wp\/v2\/pages"}],"about":[{"href":"https:\/\/herby.edu.pl\/index.php?rest_route=\/wp\/v2\/types\/page"}],"author":[{"embeddable":true,"href":"https:\/\/herby.edu.pl\/index.php?rest_route=\/wp\/v2\/users\/1"}],"replies":[{"embeddable":true,"href":"https:\/\/herby.edu.pl\/index.php?rest_route=%2Fwp%2Fv2%2Fcomments&post=220"}],"version-history":[{"count":1,"href":"https:\/\/herby.edu.pl\/index.php?rest_route=\/wp\/v2\/pages\/220\/revisions"}],"predecessor-version":[{"id":221,"href":"https:\/\/herby.edu.pl\/index.php?rest_route=\/wp\/v2\/pages\/220\/revisions\/221"}],"wp:attachment":[{"href":"https:\/\/herby.edu.pl\/index.php?rest_route=%2Fwp%2Fv2%2Fmedia&parent=220"}],"curies":[{"name":"wp","href":"https:\/\/api.w.org\/{rel}","templated":true}]}}