{"id":226,"date":"2018-10-31T08:26:16","date_gmt":"2018-10-31T08:26:16","guid":{"rendered":"http:\/\/serwer1851512.home.pl\/autoinstalator\/wordpressplugins\/?page_id=226"},"modified":"2018-10-31T08:26:16","modified_gmt":"2018-10-31T08:26:16","slug":"kolo-plastyczne","status":"publish","type":"page","link":"https:\/\/herby.edu.pl\/?page_id=226","title":{"rendered":"Ko\u0142o plastyczne"},"content":{"rendered":"<p>Zaj\u0119cia w ramach k\u00f3\u0142ka plastycznego przeznaczone s\u0105 dla uczni\u00f3w szk\u00f3\u0142 dzia\u0142aj\u0105cych przy MOW w Herbach. Program k\u00f3\u0142ka realizowany jest w wymiarze 5 godzin tygodniowo.<br \/>\nKoncepcja programu zak\u0142ada indywidualn\u0105 ekspresja tw\u00f3rcz\u0105, tw\u00f3rcze dzia\u0142ania grupowe a tak\u017ce analiz\u0119 i ocen\u0119 dzie\u0142a sztuki, pracy w\u0142asnej lub koleg\u00f3w.<br \/>\nDzi\u0119ki zaj\u0119ciom uczniowie zdobywaj\u0105 wiedz\u0119 z zakresu podstawowych poj\u0119\u0107 plastycznych, poznaj\u0105 bogactwo \u015brodk\u00f3w warsztatu plastycznego. Poznawanie najwa\u017cniejszych zagadnie\u0144 dziedzin tw\u00f3rczo\u015bci artystycznej oraz analiza dzie\u0142 sztuki pozwala wychowankom dostrzec ich walory estetyczne i ekspresyjne, stymuluj\u0105c wyobra\u017ani\u0119 i inwencj\u0119 tw\u00f3rcz\u0105. Istotn\u0105 rol\u0119 podczas zaj\u0119\u0107 odgrywa rozwijanie umiej\u0119tno\u015bci wyra\u017cania i uzasadniania w\u0142asnych opinii oraz kszta\u0142towanie postaw tolerancji wobec pogl\u0105d\u00f3w i dokona\u0144 innych os\u00f3b.<br \/>\nPodczas zaj\u0119\u0107 wykonywane s\u0105 m.in. dekoracje okoliczno\u015bciowe, prace na kiermasz \u015bwi\u0105teczny, kartki okoliczno\u015bciowe, kompozycje z li\u015bci. Uczniowie tworz\u0105 tak\u017ce prace za pomoc\u0105 komputerowych program\u00f3w graficznych.<\/p>\n","protected":false},"excerpt":{"rendered":"<p>Zaj\u0119cia w ramach k\u00f3\u0142ka plastycznego przeznaczone s\u0105 dla uczni\u00f3w szk\u00f3\u0142 dzia\u0142aj\u0105cych przy MOW w Herbach. Program k\u00f3\u0142ka realizowany jest w wymiarze 5 godzin tygodniowo. Koncepcja programu zak\u0142ada indywidualn\u0105 ekspresja tw\u00f3rcz\u0105, tw\u00f3rcze dzia\u0142ania grupowe a tak\u017ce analiz\u0119 i ocen\u0119 dzie\u0142a sztuki, pracy w\u0142asnej lub koleg\u00f3w. Dzi\u0119ki zaj\u0119ciom uczniowie zdobywaj\u0105 wiedz\u0119 z zakresu podstawowych poj\u0119\u0107 plastycznych, poznaj\u0105 &hellip; <\/p>\n<p class=\"link-more\"><a href=\"https:\/\/herby.edu.pl\/?page_id=226\" class=\"more-link\">Czytaj dalej<span class=\"screen-reader-text\"> \u201eKo\u0142o plastyczne\u201d<\/span><\/a><\/p>\n","protected":false},"author":1,"featured_media":0,"parent":0,"menu_order":0,"comment_status":"closed","ping_status":"closed","template":"","meta":{"footnotes":""},"class_list":["post-226","page","type-page","status-publish","hentry"],"_links":{"self":[{"href":"https:\/\/herby.edu.pl\/index.php?rest_route=\/wp\/v2\/pages\/226","targetHints":{"allow":["GET"]}}],"collection":[{"href":"https:\/\/herby.edu.pl\/index.php?rest_route=\/wp\/v2\/pages"}],"about":[{"href":"https:\/\/herby.edu.pl\/index.php?rest_route=\/wp\/v2\/types\/page"}],"author":[{"embeddable":true,"href":"https:\/\/herby.edu.pl\/index.php?rest_route=\/wp\/v2\/users\/1"}],"replies":[{"embeddable":true,"href":"https:\/\/herby.edu.pl\/index.php?rest_route=%2Fwp%2Fv2%2Fcomments&post=226"}],"version-history":[{"count":1,"href":"https:\/\/herby.edu.pl\/index.php?rest_route=\/wp\/v2\/pages\/226\/revisions"}],"predecessor-version":[{"id":227,"href":"https:\/\/herby.edu.pl\/index.php?rest_route=\/wp\/v2\/pages\/226\/revisions\/227"}],"wp:attachment":[{"href":"https:\/\/herby.edu.pl\/index.php?rest_route=%2Fwp%2Fv2%2Fmedia&parent=226"}],"curies":[{"name":"wp","href":"https:\/\/api.w.org\/{rel}","templated":true}]}}