{"id":250,"date":"2018-11-05T10:37:25","date_gmt":"2018-11-05T10:37:25","guid":{"rendered":"https:\/\/herby.edu.pl\/?page_id=250"},"modified":"2018-11-05T10:37:25","modified_gmt":"2018-11-05T10:37:25","slug":"zgloszenie-festiwalowe","status":"publish","type":"page","link":"https:\/\/herby.edu.pl\/?page_id=250","title":{"rendered":"Zg\u0142oszenie festiwalowe"},"content":{"rendered":"\n<div class=\"wpcf7 no-js\" id=\"wpcf7-f249-o1\" lang=\"pl-PL\" dir=\"ltr\" data-wpcf7-id=\"249\">\n<div class=\"screen-reader-response\"><p role=\"status\" aria-live=\"polite\" aria-atomic=\"true\"><\/p> <ul><\/ul><\/div>\n<form action=\"\/index.php?rest_route=%2Fwp%2Fv2%2Fpages%2F250#wpcf7-f249-o1\" method=\"post\" class=\"wpcf7-form init\" aria-label=\"Formularz kontaktowy\" novalidate=\"novalidate\" data-status=\"init\">\n<fieldset class=\"hidden-fields-container\"><input type=\"hidden\" name=\"_wpcf7\" value=\"249\" \/><input type=\"hidden\" name=\"_wpcf7_version\" value=\"6.1.5\" \/><input type=\"hidden\" name=\"_wpcf7_locale\" value=\"pl_PL\" \/><input type=\"hidden\" name=\"_wpcf7_unit_tag\" value=\"wpcf7-f249-o1\" \/><input type=\"hidden\" name=\"_wpcf7_container_post\" value=\"0\" \/><input type=\"hidden\" name=\"_wpcf7_posted_data_hash\" value=\"\" \/>\n<\/fieldset>\n<p><label> Imi\u0119 i nazwisko zg\u0142aszaj\u0105cego (wymagane)<br \/>\n<span class=\"wpcf7-form-control-wrap\" data-name=\"your-name\"><input size=\"40\" maxlength=\"400\" class=\"wpcf7-form-control wpcf7-text wpcf7-validates-as-required\" aria-required=\"true\" aria-invalid=\"false\" value=\"\" type=\"text\" name=\"your-name\" \/><\/span> <\/label>\n<\/p>\n<p><label> Ulica i numer (wymagane)<br \/>\n<span class=\"wpcf7-form-control-wrap\" data-name=\"Ulica\"><input size=\"40\" maxlength=\"400\" class=\"wpcf7-form-control wpcf7-text wpcf7-validates-as-required\" aria-required=\"true\" aria-invalid=\"false\" placeholder=\"\" value=\"\" type=\"text\" name=\"Ulica\" \/><\/span> <\/label>\n<\/p>\n<p><label> Miejscowo\u015b\u0107 (wymagane)<br \/>\n<span class=\"wpcf7-form-control-wrap\" data-name=\"Miejscowo\"><input size=\"40\" maxlength=\"400\" class=\"wpcf7-form-control wpcf7-text wpcf7-validates-as-required\" aria-required=\"true\" aria-invalid=\"false\" placeholder=\"\" value=\"\" type=\"text\" name=\"Miejscowo\" \/><\/span> <\/label>\n<\/p>\n<p><label> Kod pocztowy (wymagane)<br \/>\n<span class=\"wpcf7-form-control-wrap\" data-name=\"kod_pocztowy\"><input size=\"40\" maxlength=\"400\" class=\"wpcf7-form-control wpcf7-text wpcf7-validates-as-required\" aria-required=\"true\" aria-invalid=\"false\" placeholder=\"00-000\" value=\"\" type=\"text\" name=\"kod_pocztowy\" \/><\/span> <\/label>\n<\/p>\n<p><label> Adres e-mail (wymagane)<br \/>\n<span class=\"wpcf7-form-control-wrap\" data-name=\"your-email\"><input size=\"40\" maxlength=\"400\" class=\"wpcf7-form-control wpcf7-email wpcf7-validates-as-required wpcf7-text wpcf7-validates-as-email\" aria-required=\"true\" aria-invalid=\"false\" value=\"\" type=\"email\" name=\"your-email\" \/><\/span> <\/label><br \/>\n--------------------------------------------------------------------------------------<br \/>\n<label> Kategoria konkursowa (wymagane)<br \/>\n<span class=\"wpcf7-form-control-wrap\" data-name=\"kategoria_konkursowa\"><select class=\"wpcf7-form-control wpcf7-select\" aria-invalid=\"false\" name=\"kategoria_konkursowa\"><option value=\"\">&#8212;Prosz\u0119 wybra\u0107 opcj\u0119&#8212;<\/option><option value=\"dokument\">dokument<\/option><option value=\"reporta\u017c\">reporta\u017c<\/option><\/select><\/span><\/label>\n<\/p>\n<p><label> Tytu\u0142 produkcji (wymagane)<br \/>\n<span class=\"wpcf7-form-control-wrap\" data-name=\"tytul_produkcji\"><input size=\"40\" maxlength=\"400\" class=\"wpcf7-form-control wpcf7-text wpcf7-validates-as-required\" aria-required=\"true\" aria-invalid=\"false\" placeholder=\"\" value=\"\" type=\"text\" name=\"tytul_produkcji\" \/><\/span> <\/label>\n<\/p>\n<p><label> Miejsce produkcji (wymagane)<br \/>\n<span class=\"wpcf7-form-control-wrap\" data-name=\"miejsce_produkcji\"><input size=\"40\" maxlength=\"400\" class=\"wpcf7-form-control wpcf7-text wpcf7-validates-as-required\" aria-required=\"true\" aria-invalid=\"false\" placeholder=\"\" value=\"\" type=\"text\" name=\"miejsce_produkcji\" \/><\/span> <\/label>\n<\/p>\n<p><label> Czas trwania (wymagane)<\/label><br \/>\n<label> Minuty<br \/>\n<span class=\"wpcf7-form-control-wrap\" data-name=\"czas_trwania_minuta\"><input class=\"wpcf7-form-control wpcf7-number wpcf7-validates-as-required wpcf7-validates-as-number\" min=\"0\" max=\"30\" aria-required=\"true\" aria-invalid=\"false\" value=\"\" type=\"number\" name=\"czas_trwania_minuta\" \/><\/span><\/label><br \/>\n<label> Sekundy<br \/>\n<span class=\"wpcf7-form-control-wrap\" data-name=\"czas_trwania_sekunda\"><input class=\"wpcf7-form-control wpcf7-number wpcf7-validates-as-required wpcf7-validates-as-number\" min=\"0\" max=\"59\" aria-required=\"true\" aria-invalid=\"false\" value=\"\" type=\"number\" name=\"czas_trwania_sekunda\" \/><\/span><\/label>\n<\/p>\n<p><label> No\u015bnik na kt\u00f3rym zostanie zg\u0142oszony film (wymagane)<br \/>\n<span class=\"wpcf7-form-control-wrap\" data-name=\"nosnik\"><select class=\"wpcf7-form-control wpcf7-select\" aria-invalid=\"false\" name=\"nosnik\"><option value=\"\">&#8212;Prosz\u0119 wybra\u0107 opcj\u0119&#8212;<\/option><option value=\"DVD\">DVD<\/option><option value=\"Blu-ray\">Blu-ray<\/option><\/select><\/span><\/label>\n<\/p>\n<p><label> Kr\u00f3tki opis filmu<br \/>\n<span class=\"wpcf7-form-control-wrap\" data-name=\"opis_filmu\"><textarea cols=\"40\" rows=\"10\" maxlength=\"2000\" class=\"wpcf7-form-control wpcf7-textarea\" aria-invalid=\"false\" name=\"opis_filmu\"><\/textarea><\/span><\/label><br \/>\n--------------------------------------------------------------------------------------<br \/>\n<label> Ekipa realizacyjna <\/label>\n<\/p>\n<p><label> Producent (wymagane)<br \/>\n<span class=\"wpcf7-form-control-wrap\" data-name=\"producent\"><input size=\"40\" maxlength=\"400\" class=\"wpcf7-form-control wpcf7-text wpcf7-validates-as-required\" aria-required=\"true\" aria-invalid=\"false\" placeholder=\"\" value=\"\" type=\"text\" name=\"producent\" \/><\/span> <\/label><br \/>\n<label> Re\u017cyser (wymagane)<br \/>\n<span class=\"wpcf7-form-control-wrap\" data-name=\"rezyser\"><input size=\"40\" maxlength=\"400\" class=\"wpcf7-form-control wpcf7-text wpcf7-validates-as-required\" aria-required=\"true\" aria-invalid=\"false\" placeholder=\"\" value=\"\" type=\"text\" name=\"rezyser\" \/><\/span> <\/label><br \/>\n<label> Operator obrazu (wymagane)<br \/>\n<span class=\"wpcf7-form-control-wrap\" data-name=\"operator\"><input size=\"40\" maxlength=\"400\" class=\"wpcf7-form-control wpcf7-text wpcf7-validates-as-required\" aria-required=\"true\" aria-invalid=\"false\" placeholder=\"\" value=\"\" type=\"text\" name=\"operator\" \/><\/span> <\/label><br \/>\n<label> Kierownik produkcji (wymagane)<br \/>\n<span class=\"wpcf7-form-control-wrap\" data-name=\"kierownik\"><input size=\"40\" maxlength=\"400\" class=\"wpcf7-form-control wpcf7-text wpcf7-validates-as-required\" aria-required=\"true\" aria-invalid=\"false\" placeholder=\"\" value=\"\" type=\"text\" name=\"kierownik\" \/><\/span> <\/label><br \/>\n--------------------------------------------------------------------------------------<br \/>\n<label> O\u015bwiadczenie <\/label><br \/>\n<span class=\"wpcf7-form-control-wrap\" data-name=\"prawo_do_filmu\"><span class=\"wpcf7-form-control wpcf7-acceptance optional\"><span class=\"wpcf7-list-item\"><label><input type=\"checkbox\" name=\"prawo_do_filmu\" value=\"1\" aria-invalid=\"false\" \/><span class=\"wpcf7-list-item-label\">Posiadam prawo do dokonania powy\u017cszego zg\u0142oszenia produkcji na pokaz konkursowy podczas festiwalu ZPSN.<\/span><\/label><\/span><\/span><\/span><br \/>\n<span class=\"wpcf7-form-control-wrap\" data-name=\"prawo_do_osob\"><span class=\"wpcf7-form-control wpcf7-acceptance optional\"><span class=\"wpcf7-list-item\"><label><input type=\"checkbox\" name=\"prawo_do_osob\" value=\"1\" aria-invalid=\"false\" \/><span class=\"wpcf7-list-item-label\">Posiadam zgody os\u00f3b, kt\u00f3rych wizerunek zosta\u0142 zarejestrowany na filmie do publicznej emisji w ramach festiwalu ZPSN.<\/span><\/label><\/span><\/span><\/span><br \/>\n<span class=\"wpcf7-form-control-wrap\" data-name=\"regulamin_festiwal\"><span class=\"wpcf7-form-control wpcf7-acceptance optional\"><span class=\"wpcf7-list-item\"><label><input type=\"checkbox\" name=\"regulamin_festiwal\" value=\"1\" aria-invalid=\"false\" \/><span class=\"wpcf7-list-item-label\">Zapozna\u0142em si\u0119 z <a href=\"http:\/\/zpsnfestiwal.pl\/regulamin8.pdf\">regulaminem<\/a> i w pe\u0142ni go akceptuje<\/span><\/label><\/span><\/span><\/span><br \/>\n<span class=\"wpcf7-form-control-wrap\" data-name=\"rodo\"><span class=\"wpcf7-form-control wpcf7-acceptance optional\"><span class=\"wpcf7-list-item\"><label><input type=\"checkbox\" name=\"rodo\" value=\"1\" aria-invalid=\"false\" \/><span class=\"wpcf7-list-item-label\">Zapozna\u0142em si\u0119 z <a href=\"https:\/\/herby.edu.pl\/?page_id=252\">klauzul\u0105 informacyjn\u0105<\/a> dotycz\u0105c\u0105 przetwarzania moich danych osobowych w ramach uczestnictwa w VII edycji festiwalu ZPSN<\/span><\/label><\/span><\/span><\/span>\n<\/p>\n<p><input class=\"wpcf7-form-control wpcf7-submit has-spinner\" type=\"submit\" value=\"Wy\u015blij\" \/>\n<\/p><input type='hidden' class='wpcf7-pum' value='{\"closepopup\":false,\"closedelay\":0,\"openpopup\":false,\"openpopup_id\":0}' \/><div class=\"wpcf7-response-output\" aria-hidden=\"true\"><\/div>\n<\/form>\n<\/div>\n\n","protected":false},"excerpt":{"rendered":"","protected":false},"author":1,"featured_media":0,"parent":0,"menu_order":0,"comment_status":"closed","ping_status":"closed","template":"","meta":{"footnotes":""},"class_list":["post-250","page","type-page","status-publish","hentry"],"_links":{"self":[{"href":"https:\/\/herby.edu.pl\/index.php?rest_route=\/wp\/v2\/pages\/250","targetHints":{"allow":["GET"]}}],"collection":[{"href":"https:\/\/herby.edu.pl\/index.php?rest_route=\/wp\/v2\/pages"}],"about":[{"href":"https:\/\/herby.edu.pl\/index.php?rest_route=\/wp\/v2\/types\/page"}],"author":[{"embeddable":true,"href":"https:\/\/herby.edu.pl\/index.php?rest_route=\/wp\/v2\/users\/1"}],"replies":[{"embeddable":true,"href":"https:\/\/herby.edu.pl\/index.php?rest_route=%2Fwp%2Fv2%2Fcomments&post=250"}],"version-history":[{"count":1,"href":"https:\/\/herby.edu.pl\/index.php?rest_route=\/wp\/v2\/pages\/250\/revisions"}],"predecessor-version":[{"id":251,"href":"https:\/\/herby.edu.pl\/index.php?rest_route=\/wp\/v2\/pages\/250\/revisions\/251"}],"wp:attachment":[{"href":"https:\/\/herby.edu.pl\/index.php?rest_route=%2Fwp%2Fv2%2Fmedia&parent=250"}],"curies":[{"name":"wp","href":"https:\/\/api.w.org\/{rel}","templated":true}]}}