{"id":39,"date":"2018-09-08T19:05:53","date_gmt":"2018-09-08T19:05:53","guid":{"rendered":"http:\/\/serwer1851512.home.pl\/autoinstalator\/wordpressplugins\/?page_id=39"},"modified":"2025-03-10T10:52:04","modified_gmt":"2025-03-10T10:52:04","slug":"dla-rodzicow","status":"publish","type":"page","link":"https:\/\/herby.edu.pl\/?page_id=39","title":{"rendered":"Dla rodzica"},"content":{"rendered":"<p>M\u0142odzie\u017cowy O\u015brodek Wychowawczy w Herbach jest plac\u00f3wk\u0105, w kt\u00f3rej przebywa ch\u0142opcy w wieku 13-18 lat. G\u0142\u00f3wnym zadaniem o\u015brodka jest zaspokajanie zasadniczych potrzeb psychicznych m\u0142odego cz\u0142owieka: potrzeby bezpiecze\u0144stwa, mi\u0142o\u015bci i przynale\u017cno\u015bci, ale tak\u017ce eliminowanie przyczyn i przejaw\u00f3w niedostosowania spo\u0142ecznego. O\u015brodek przygotowuje swoich podopiecznych do \u015bwiadomego i odpowiedzialnego wkroczenia w doros\u0142e \u017cycie, bez powielania negatywnych schemat\u00f3w.<br \/>\nM\u0142odzie\u017c przebywaj\u0105ca w o\u015brodku ucz\u0119szcza do szko\u0142y, w czasie wolnym mo\u017ce rozwija\u0107 swoje zainteresowania poprzez udzia\u0142 w licznych zaj\u0119ciach dodatkowych czy k\u00f3\u0142kach zainteresowa\u0144. Organizowane s\u0105 r\u00f3wnie\u017c wycieczki, wycieczki do kina, na basen, kr\u0119gle, do zak\u0142ad\u00f3w pracy czy \u2013 w sezonie zimowym \u2013 na lodowisko.<br \/>\nW razie potrzeby wychowanek mo\u017ce tak\u017ce uczestniczy\u0107 w zaj\u0119ciach niweluj\u0105cych trudno\u015bci w nauce oraz korzysta\u0107 z pomocy zespo\u0142u psychologiczno-pedagogicznego.<br \/>\nNowy wychowanek powinien zabra\u0107 ze sob\u0105 rzeczy osobiste: ubranie.<\/p>\n<h2><strong>Dokumenty do pobrania:<\/strong><\/h2>\n<p><a href=\"https:\/\/herby.edu.pl\/wp-content\/uploads\/2024\/10\/3_statut_MOW_od_03.04.2023-2.pdf\" target=\"_blank\" rel=\"noopener\">STATUT M\u0142odzie\u017cowego O\u015brodka Wychowawczego<\/a><br \/>\n<a href=\"https:\/\/herby.edu.pl\/wp-content\/uploads\/2025\/03\/statut_sp_202411.pdf\" target=\"_blank\" rel=\"noopener\">STATUT Szko\u0142y Podstawowej nr 5<\/a><br \/>\n<a href=\"https:\/\/herby.edu.pl\/wp-content\/uploads\/2025\/03\/statut_sb_202411.pdf\">STATUT Szko\u0142y Bran\u017cowej nr 5<\/a><\/p>\n<p>Program Wychowawczy<br \/>\nProgram Profilaktyczny<br \/>\nMisja Wizja<br \/>\nStrategiczny Plan Rozwoju Plac\u00f3wki<br \/>\nWewn\u0105trzszkolny System Oceniania<br \/>\nKoncepcja Pracy M\u0142odzie\u017cowego O\u015brodka Wychowawczego<\/p>\n","protected":false},"excerpt":{"rendered":"<p>M\u0142odzie\u017cowy O\u015brodek Wychowawczy w Herbach jest plac\u00f3wk\u0105, w kt\u00f3rej przebywa ch\u0142opcy w wieku 13-18 lat. G\u0142\u00f3wnym zadaniem o\u015brodka jest zaspokajanie zasadniczych potrzeb psychicznych m\u0142odego cz\u0142owieka: potrzeby bezpiecze\u0144stwa, mi\u0142o\u015bci i przynale\u017cno\u015bci, ale tak\u017ce eliminowanie przyczyn i przejaw\u00f3w niedostosowania spo\u0142ecznego. O\u015brodek przygotowuje swoich podopiecznych do \u015bwiadomego i odpowiedzialnego wkroczenia w doros\u0142e \u017cycie, bez powielania negatywnych schemat\u00f3w. M\u0142odzie\u017c &hellip; <\/p>\n<p class=\"link-more\"><a href=\"https:\/\/herby.edu.pl\/?page_id=39\" class=\"more-link\">Czytaj dalej<span class=\"screen-reader-text\"> \u201eDla rodzica\u201d<\/span><\/a><\/p>\n","protected":false},"author":1,"featured_media":0,"parent":0,"menu_order":0,"comment_status":"closed","ping_status":"closed","template":"","meta":{"footnotes":""},"class_list":["post-39","page","type-page","status-publish","hentry"],"_links":{"self":[{"href":"https:\/\/herby.edu.pl\/index.php?rest_route=\/wp\/v2\/pages\/39","targetHints":{"allow":["GET"]}}],"collection":[{"href":"https:\/\/herby.edu.pl\/index.php?rest_route=\/wp\/v2\/pages"}],"about":[{"href":"https:\/\/herby.edu.pl\/index.php?rest_route=\/wp\/v2\/types\/page"}],"author":[{"embeddable":true,"href":"https:\/\/herby.edu.pl\/index.php?rest_route=\/wp\/v2\/users\/1"}],"replies":[{"embeddable":true,"href":"https:\/\/herby.edu.pl\/index.php?rest_route=%2Fwp%2Fv2%2Fcomments&post=39"}],"version-history":[{"count":15,"href":"https:\/\/herby.edu.pl\/index.php?rest_route=\/wp\/v2\/pages\/39\/revisions"}],"predecessor-version":[{"id":1109,"href":"https:\/\/herby.edu.pl\/index.php?rest_route=\/wp\/v2\/pages\/39\/revisions\/1109"}],"wp:attachment":[{"href":"https:\/\/herby.edu.pl\/index.php?rest_route=%2Fwp%2Fv2%2Fmedia&parent=39"}],"curies":[{"name":"wp","href":"https:\/\/api.w.org\/{rel}","templated":true}]}}